{"id":119,"date":"2020-10-02T11:43:28","date_gmt":"2020-10-02T11:43:28","guid":{"rendered":"https:\/\/conwys.ch\/?page_id=119"},"modified":"2020-10-16T06:03:02","modified_gmt":"2020-10-16T06:03:02","slug":"ueber-uns","status":"publish","type":"page","link":"https:\/\/conwys.ch\/en\/ueber-uns\/","title":{"rendered":"About us"},"content":{"rendered":"<div data-elementor-type=\"wp-page\" data-elementor-id=\"119\" class=\"elementor elementor-119\" data-elementor-settings=\"[]\">\n\t\t\t\t\t\t<div class=\"elementor-inner\">\n\t\t\t\t\t\t\t<div class=\"elementor-section-wrap\">\n\t\t\t\t\t\t\t<section class=\"elementor-section elementor-top-section elementor-element elementor-element-52503bc7 elementor-section-full_width elementor-section-content-middle elementor-section-height-default elementor-section-height-default\" data-id=\"52503bc7\" data-element_type=\"section\" data-settings=\"{&quot;background_background&quot;:&quot;classic&quot;}\">\n\t\t\t\t\t\t<div class=\"elementor-container elementor-column-gap-default\">\n\t\t\t\t\t\t\t<div class=\"elementor-row\">\n\t\t\t\t\t<div class=\"elementor-column elementor-col-100 elementor-top-column elementor-element elementor-element-58f68f3c\" data-id=\"58f68f3c\" data-element_type=\"column\">\n\t\t\t<div class=\"elementor-column-wrap elementor-element-populated\">\n\t\t\t\t\t\t\t<div class=\"elementor-widget-wrap\">\n\t\t\t\t\t\t<section class=\"elementor-section elementor-inner-section elementor-element elementor-element-3142db9 elementor-section-boxed elementor-section-height-default elementor-section-height-default\" data-id=\"3142db9\" data-element_type=\"section\">\n\t\t\t\t\t\t<div class=\"elementor-container elementor-column-gap-default\">\n\t\t\t\t\t\t\t<div class=\"elementor-row\">\n\t\t\t\t\t<div class=\"elementor-column elementor-col-100 elementor-inner-column elementor-element elementor-element-68469317\" data-id=\"68469317\" data-element_type=\"column\">\n\t\t\t<div class=\"elementor-column-wrap elementor-element-populated\">\n\t\t\t\t\t\t\t<div class=\"elementor-widget-wrap\">\n\t\t\t\t\t\t<div class=\"elementor-element elementor-element-1a4f8e69 elementor-widget elementor-widget-heading\" data-id=\"1a4f8e69\" data-element_type=\"widget\" data-widget_type=\"heading.default\">\n\t\t\t\t<div class=\"elementor-widget-container\">\n\t\t\t<h2 class=\"elementor-heading-title elementor-size-default\">About us<\/h2>\t\t<\/div>\n\t\t\t\t<\/div>\n\t\t\t\t\t\t<\/div>\n\t\t\t\t\t<\/div>\n\t\t<\/div>\n\t\t\t\t\t\t\t\t<\/div>\n\t\t\t\t\t<\/div>\n\t\t<\/section>\n\t\t\t\t\t\t<\/div>\n\t\t\t\t\t<\/div>\n\t\t<\/div>\n\t\t\t\t\t\t\t\t<\/div>\n\t\t\t\t\t<\/div>\n\t\t<\/section>\n\t\t\t\t<section class=\"elementor-section elementor-top-section elementor-element elementor-element-169765c3 elementor-reverse-tablet elementor-reverse-mobile elementor-section-boxed elementor-section-height-default elementor-section-height-default\" data-id=\"169765c3\" data-element_type=\"section\" data-settings=\"{&quot;background_background&quot;:&quot;classic&quot;}\">\n\t\t\t\t\t\t<div class=\"elementor-container elementor-column-gap-default\">\n\t\t\t\t\t\t\t<div class=\"elementor-row\">\n\t\t\t\t\t<div class=\"elementor-column elementor-col-50 elementor-top-column elementor-element elementor-element-47ab606e\" data-id=\"47ab606e\" data-element_type=\"column\">\n\t\t\t<div class=\"elementor-column-wrap elementor-element-populated\">\n\t\t\t\t\t\t\t<div class=\"elementor-widget-wrap\">\n\t\t\t\t\t\t<div class=\"elementor-element elementor-element-4cf0d3c1 elementor-widget elementor-widget-text-editor\" data-id=\"4cf0d3c1\" data-element_type=\"widget\" data-widget_type=\"text-editor.default\">\n\t\t\t\t<div class=\"elementor-widget-container\">\n\t\t\t\t\t<div class=\"elementor-text-editor elementor-clearfix\"><p>ConWys AG was founded in Lucerne in 1998 as a development and sales company. Today, our company employs 17 specialists, mainly active in the areas of research, development and sales.<\/p><p>We attach great importance to the best possible product quality in connection with the greatest possible process reliability. All core components of our cable sets and control units are manufactured in <strong>Developed and manufactured in-house<\/strong>. The founders and management of ConWys AG have already made a name for themselves in this particular sector of special electrical engineering parts. Today, our customers can benefit from many years of experience and close contacts with the automotive industry and its suppliers.<\/p><p>A professional team works out practical solutions for all makes of car. The combination of the individual components (trailer socket, wiring harness, electronic components and a fully illustrated installation manual designed for international comprehensibility) results in the unique and efficient handling on the market when installing on the vehicle.<\/p><\/div>\n\t\t\t\t<\/div>\n\t\t\t\t<\/div>\n\t\t\t\t\t\t<\/div>\n\t\t\t\t\t<\/div>\n\t\t<\/div>\n\t\t\t\t<div class=\"elementor-column elementor-col-50 elementor-top-column elementor-element elementor-element-7ab75a0\" data-id=\"7ab75a0\" data-element_type=\"column\">\n\t\t\t<div class=\"elementor-column-wrap elementor-element-populated\">\n\t\t\t\t\t\t\t<div class=\"elementor-widget-wrap\">\n\t\t\t\t\t\t<div class=\"elementor-element elementor-element-ab3c5d3 elementor-widget elementor-widget-image\" data-id=\"ab3c5d3\" data-element_type=\"widget\" data-widget_type=\"image.default\">\n\t\t\t\t<div class=\"elementor-widget-container\">\n\t\t\t\t\t<div class=\"elementor-image\">\n\t\t\t\t\t\t\t\t\t\t\t<a href=\"https:\/\/conwys.ch\/wp-content\/uploads\/2020\/10\/solution.jpg\" data-elementor-open-lightbox=\"yes\">\n\t\t\t\t\t\t\t<img width=\"380\" height=\"352\" src=\"https:\/\/conwys.ch\/wp-content\/uploads\/2020\/10\/solution.jpg\" class=\"attachment-full size-full\" alt=\"\" loading=\"lazy\" srcset=\"https:\/\/conwys.ch\/wp-content\/uploads\/2020\/10\/solution.jpg 380w, https:\/\/conwys.ch\/wp-content\/uploads\/2020\/10\/solution-300x278.jpg 300w\" sizes=\"(max-width: 380px) 100vw, 380px\" \/>\t\t\t\t\t\t\t\t<\/a>\n\t\t\t\t\t\t\t\t\t\t\t<\/div>\n\t\t\t\t<\/div>\n\t\t\t\t<\/div>\n\t\t\t\t\t\t<\/div>\n\t\t\t\t\t<\/div>\n\t\t<\/div>\n\t\t\t\t\t\t\t\t<\/div>\n\t\t\t\t\t<\/div>\n\t\t<\/section>\n\t\t\t\t\t\t<\/div>\n\t\t\t\t\t\t<\/div>\n\t\t\t\t\t<\/div>","protected":false},"excerpt":{"rendered":"<p>Die ConWys AG wurde 1998 als Entwicklungs- und Vertriebsgesellschaft in Luzern gegr\u00fcndet. Unser Unternehmen besch\u00e4ftigt heute 17 Spezialisten, \u00fcberwiegend t\u00e4tig in den Bereichen Forschung, Entwicklung &amp; Vertrieb. Wir legen Wert auf bestm\u00f6gliche Produktqualit\u00e4t in Verbindung mit gr\u00f6sstm\u00f6glicher Prozesssicherheit. Alle Kernbauteile unserer Kabels\u00e4tze und Steuerger\u00e4te werden in Eigenregie entwickelt und hergestellt. Schon fr\u00fcher haben sich Gr\u00fcnder [&hellip;]<\/p>","protected":false},"author":1,"featured_media":0,"parent":0,"menu_order":0,"comment_status":"closed","ping_status":"closed","template":"elementor_header_footer","meta":[],"_links":{"self":[{"href":"https:\/\/conwys.ch\/en\/wp-json\/wp\/v2\/pages\/119"}],"collection":[{"href":"https:\/\/conwys.ch\/en\/wp-json\/wp\/v2\/pages"}],"about":[{"href":"https:\/\/conwys.ch\/en\/wp-json\/wp\/v2\/types\/page"}],"author":[{"embeddable":true,"href":"https:\/\/conwys.ch\/en\/wp-json\/wp\/v2\/users\/1"}],"replies":[{"embeddable":true,"href":"https:\/\/conwys.ch\/en\/wp-json\/wp\/v2\/comments?post=119"}],"version-history":[{"count":8,"href":"https:\/\/conwys.ch\/en\/wp-json\/wp\/v2\/pages\/119\/revisions"}],"predecessor-version":[{"id":6257,"href":"https:\/\/conwys.ch\/en\/wp-json\/wp\/v2\/pages\/119\/revisions\/6257"}],"wp:attachment":[{"href":"https:\/\/conwys.ch\/en\/wp-json\/wp\/v2\/media?parent=119"}],"curies":[{"name":"wp","href":"https:\/\/api.w.org\/{rel}","templated":true}]}}