{"id":2,"date":"2020-09-16T18:47:36","date_gmt":"2020-09-16T18:47:36","guid":{"rendered":"https:\/\/conwys.ch\/?page_id=2"},"modified":"2025-10-15T07:39:04","modified_gmt":"2025-10-15T07:39:04","slug":"katalog","status":"publish","type":"page","link":"https:\/\/conwys.ch\/en\/katalog\/","title":{"rendered":"Catalog"},"content":{"rendered":"<div data-elementor-type=\"wp-page\" data-elementor-id=\"2\" class=\"elementor elementor-2\" data-elementor-settings=\"[]\">\n\t\t\t\t\t\t<div class=\"elementor-inner\">\n\t\t\t\t\t\t\t<div class=\"elementor-section-wrap\">\n\t\t\t\t\t\t\t<section class=\"elementor-section elementor-top-section elementor-element elementor-element-a90ffb9 elementor-section-full_width elementor-section-content-middle elementor-section-height-default elementor-section-height-default\" data-id=\"a90ffb9\" data-element_type=\"section\" data-settings=\"{&quot;background_background&quot;:&quot;classic&quot;}\">\n\t\t\t\t\t\t<div class=\"elementor-container elementor-column-gap-default\">\n\t\t\t\t\t\t\t<div class=\"elementor-row\">\n\t\t\t\t\t<div class=\"elementor-column elementor-col-100 elementor-top-column elementor-element elementor-element-dd08ec1\" data-id=\"dd08ec1\" data-element_type=\"column\">\n\t\t\t<div class=\"elementor-column-wrap elementor-element-populated\">\n\t\t\t\t\t\t\t<div class=\"elementor-widget-wrap\">\n\t\t\t\t\t\t<div class=\"elementor-element elementor-element-d427832 elementor-widget elementor-widget-heading\" data-id=\"d427832\" data-element_type=\"widget\" data-widget_type=\"heading.default\">\n\t\t\t\t<div class=\"elementor-widget-container\">\n\t\t\t<h2 class=\"elementor-heading-title elementor-size-default\">Catalog<\/h2>\t\t<\/div>\n\t\t\t\t<\/div>\n\t\t\t\t\t\t<\/div>\n\t\t\t\t\t<\/div>\n\t\t<\/div>\n\t\t\t\t\t\t\t\t<\/div>\n\t\t\t\t\t<\/div>\n\t\t<\/section>\n\t\t\t\t<section class=\"elementor-section elementor-top-section elementor-element elementor-element-52557c0 elementor-section-height-min-height elementor-section-boxed elementor-section-height-default elementor-section-items-middle\" data-id=\"52557c0\" data-element_type=\"section\">\n\t\t\t\t\t\t<div class=\"elementor-container elementor-column-gap-default\">\n\t\t\t\t\t\t\t<div class=\"elementor-row\">\n\t\t\t\t\t<div class=\"jet-sticky-column elementor-column elementor-col-50 elementor-top-column elementor-element elementor-element-7c245ce\" data-jet-settings=\"{&quot;id&quot;:&quot;7c245ce&quot;,&quot;sticky&quot;:true,&quot;topSpacing&quot;:50,&quot;bottomSpacing&quot;:50,&quot;stickyOn&quot;:[&quot;desktop&quot;,&quot;tablet&quot;]}\" data-id=\"7c245ce\" data-element_type=\"column\">\n\t\t\t<div class=\"elementor-column-wrap elementor-element-populated\">\n\t\t\t\t\t\t\t<div class=\"elementor-widget-wrap\">\n\t\t\t\t\t\t<div class=\"elementor-element elementor-element-9eff0ef elementor-widget elementor-widget-heading\" data-id=\"9eff0ef\" data-element_type=\"widget\" data-widget_type=\"heading.default\">\n\t\t\t\t<div class=\"elementor-widget-container\">\n\t\t\t<h2 class=\"elementor-heading-title elementor-size-default\">Search | Find<\/h2>\t\t<\/div>\n\t\t\t\t<\/div>\n\t\t\t\t<div class=\"elementor-element elementor-element-5a9a6cc0 jet-smart-filter-group-position-column elementor-widget elementor-widget-jet-smart-filters-select\" data-id=\"5a9a6cc0\" data-element_type=\"widget\" data-widget_type=\"jet-smart-filters-select.default\">\n\t\t\t\t<div class=\"elementor-widget-container\">\n\t\t\t<div class=\"jet-smart-filters-select jet-filter\" data-indexer-rule=\"show\" data-show-counter=\"\" data-change-counter=\"always\"><div class=\"jet-select\" data-query-type=\"meta_query\" data-query-var=\"pole\" data-smart-filter=\"select\" data-filter-id=\"5512\" data-apply-type=\"ajax\" data-content-provider=\"jet-engine\" data-additional-providers=\"\" data-query-id=\"default\" data-active-label=\"Pole\" data-layout-options=\"{&quot;show_label&quot;:&quot;&quot;,&quot;display_options&quot;:{&quot;show_items_label&quot;:false,&quot;show_decorator&quot;:false,&quot;filter_image_size&quot;:&quot;full&quot;,&quot;show_counter&quot;:false}}\" data-query-var-suffix=\"\">\n\t\n\t\n\t\t\n\t\t<select\n\t\t\tclass=\"jet-select__control\"\n\t\t\tname=\"pole\"\n\t\t>\n\t\t\n\t\t\t\t\t<option\n\t\t\t\tvalue=\"\"\n\t\t\t\tdata-label=\"Anzahl Pole w\u00e4hlen...\"\n\t\t\t\tdata-counter-prefix=\"(\"\n\t\t\t\tdata-counter-suffix=\")\"\n\t\t\t\t\t\t\t>Select socket type...<\/option>\n\t\t\t\t\t\t<option\n\t\t\t\tvalue=\"7\"\n\t\t\t\tdata-label=\"7\"\n\t\t\t\tdata-counter-prefix=\"(\"\n\t\t\t\tdata-counter-suffix=\")\"\n\t\t\t\t\t\t\t>7<\/option>\n\t\t\t\t\t\t<option\n\t\t\t\tvalue=\"13\"\n\t\t\t\tdata-label=\"13\"\n\t\t\t\tdata-counter-prefix=\"(\"\n\t\t\t\tdata-counter-suffix=\")\"\n\t\t\t\t\t\t\t>13<\/option>\n\t\t\t<\/select>\n\n\t\n<\/div>\n<\/div>\t\t<\/div>\n\t\t\t\t<\/div>\n\t\t\t\t<div class=\"elementor-element elementor-element-8db2b99 jet-smart-filter-group-position-column elementor-widget elementor-widget-jet-smart-filters-select\" data-id=\"8db2b99\" data-element_type=\"widget\" data-widget_type=\"jet-smart-filters-select.default\">\n\t\t\t\t<div class=\"elementor-widget-container\">\n\t\t\t<div class=\"jet-smart-filters-select jet-filter\" data-indexer-rule=\"show\" data-show-counter=\"\" data-change-counter=\"always\"><div class=\"jet-select\" data-query-type=\"meta_query\" data-query-var=\"hersteller\" data-smart-filter=\"select\" data-filter-id=\"5503\" data-apply-type=\"mixed\" data-content-provider=\"jet-engine\" data-additional-providers=\"\" data-query-id=\"default\" data-active-label=\"Hersteller\" data-layout-options=\"{&quot;show_label&quot;:&quot;&quot;,&quot;display_options&quot;:{&quot;show_items_label&quot;:false,&quot;show_decorator&quot;:false,&quot;filter_image_size&quot;:&quot;full&quot;,&quot;show_counter&quot;:false}}\" data-query-var-suffix=\"\">\n\t\n\t\n\t\t\n\t\t<select\n\t\t\tclass=\"jet-select__control\"\n\t\t\tname=\"hersteller\"\n\t\t>\n\t\t\n\t\t\t\t\t<option\n\t\t\t\tvalue=\"\"\n\t\t\t\tdata-label=\"Hersteller w\u00e4hlen...\"\n\t\t\t\tdata-counter-prefix=\"(\"\n\t\t\t\tdata-counter-suffix=\")\"\n\t\t\t\t\t\t\t>Select manufacturer...<\/option>\n\t\t\t\t\t\t<option\n\t\t\t\tvalue=\"Aiways\"\n\t\t\t\tdata-label=\"Aiways\"\n\t\t\t\tdata-counter-prefix=\"(\"\n\t\t\t\tdata-counter-suffix=\")\"\n\t\t\t\t\t\t\t>Aiways<\/option>\n\t\t\t\t\t\t<option\n\t\t\t\tvalue=\"Alfa Romeo\"\n\t\t\t\tdata-label=\"Alfa Romeo\"\n\t\t\t\tdata-counter-prefix=\"(\"\n\t\t\t\tdata-counter-suffix=\")\"\n\t\t\t\t\t\t\t>Alfa Romeo<\/option>\n\t\t\t\t\t\t<option\n\t\t\t\tvalue=\"Alpine\"\n\t\t\t\tdata-label=\"Alpine\"\n\t\t\t\tdata-counter-prefix=\"(\"\n\t\t\t\tdata-counter-suffix=\")\"\n\t\t\t\t\t\t\t>Alpine<\/option>\n\t\t\t\t\t\t<option\n\t\t\t\tvalue=\"Audi\"\n\t\t\t\tdata-label=\"Audi\"\n\t\t\t\tdata-counter-prefix=\"(\"\n\t\t\t\tdata-counter-suffix=\")\"\n\t\t\t\t\t\t\t>Audi<\/option>\n\t\t\t\t\t\t<option\n\t\t\t\tvalue=\"BAIC\"\n\t\t\t\tdata-label=\"BAIC\"\n\t\t\t\tdata-counter-prefix=\"(\"\n\t\t\t\tdata-counter-suffix=\")\"\n\t\t\t\t\t\t\t>BAIC<\/option>\n\t\t\t\t\t\t<option\n\t\t\t\tvalue=\"Beijing\"\n\t\t\t\tdata-label=\"Beijing\"\n\t\t\t\tdata-counter-prefix=\"(\"\n\t\t\t\tdata-counter-suffix=\")\"\n\t\t\t\t\t\t\t>Beijing<\/option>\n\t\t\t\t\t\t<option\n\t\t\t\tvalue=\"bmw\"\n\t\t\t\tdata-label=\"BMW\"\n\t\t\t\tdata-counter-prefix=\"(\"\n\t\t\t\tdata-counter-suffix=\")\"\n\t\t\t\t\t\t\t>BMW<\/option>\n\t\t\t\t\t\t<option\n\t\t\t\tvalue=\"Brilliance\"\n\t\t\t\tdata-label=\"Brilliance\"\n\t\t\t\tdata-counter-prefix=\"(\"\n\t\t\t\tdata-counter-suffix=\")\"\n\t\t\t\t\t\t\t>Brilliance<\/option>\n\t\t\t\t\t\t<option\n\t\t\t\tvalue=\"BYD\"\n\t\t\t\tdata-label=\"BYD\"\n\t\t\t\tdata-counter-prefix=\"(\"\n\t\t\t\tdata-counter-suffix=\")\"\n\t\t\t\t\t\t\t>BYD<\/option>\n\t\t\t\t\t\t<option\n\t\t\t\tvalue=\"Cadillac\"\n\t\t\t\tdata-label=\"Cadillac\"\n\t\t\t\tdata-counter-prefix=\"(\"\n\t\t\t\tdata-counter-suffix=\")\"\n\t\t\t\t\t\t\t>Cadillac<\/option>\n\t\t\t\t\t\t<option\n\t\t\t\tvalue=\"Chevrolet\"\n\t\t\t\tdata-label=\"Chevrolet\"\n\t\t\t\tdata-counter-prefix=\"(\"\n\t\t\t\tdata-counter-suffix=\")\"\n\t\t\t\t\t\t\t>Chevrolet<\/option>\n\t\t\t\t\t\t<option\n\t\t\t\tvalue=\"Chrysler\"\n\t\t\t\tdata-label=\"Chrysler\"\n\t\t\t\tdata-counter-prefix=\"(\"\n\t\t\t\tdata-counter-suffix=\")\"\n\t\t\t\t\t\t\t>Chrysler<\/option>\n\t\t\t\t\t\t<option\n\t\t\t\tvalue=\"Citroen\"\n\t\t\t\tdata-label=\"Citro\u00ebn\"\n\t\t\t\tdata-counter-prefix=\"(\"\n\t\t\t\tdata-counter-suffix=\")\"\n\t\t\t\t\t\t\t>Citro\u00ebn<\/option>\n\t\t\t\t\t\t<option\n\t\t\t\tvalue=\"Cupra\"\n\t\t\t\tdata-label=\"Cupra\"\n\t\t\t\tdata-counter-prefix=\"(\"\n\t\t\t\tdata-counter-suffix=\")\"\n\t\t\t\t\t\t\t>Cupra<\/option>\n\t\t\t\t\t\t<option\n\t\t\t\tvalue=\"Dacia\"\n\t\t\t\tdata-label=\"Dacia\"\n\t\t\t\tdata-counter-prefix=\"(\"\n\t\t\t\tdata-counter-suffix=\")\"\n\t\t\t\t\t\t\t>Dacia<\/option>\n\t\t\t\t\t\t<option\n\t\t\t\tvalue=\"Daihatsu\"\n\t\t\t\tdata-label=\"Daihatsu\"\n\t\t\t\tdata-counter-prefix=\"(\"\n\t\t\t\tdata-counter-suffix=\")\"\n\t\t\t\t\t\t\t>Daihatsu<\/option>\n\t\t\t\t\t\t<option\n\t\t\t\tvalue=\"DFSK\"\n\t\t\t\tdata-label=\"DFSK\"\n\t\t\t\tdata-counter-prefix=\"(\"\n\t\t\t\tdata-counter-suffix=\")\"\n\t\t\t\t\t\t\t>DFSK<\/option>\n\t\t\t\t\t\t<option\n\t\t\t\tvalue=\"Dodge\"\n\t\t\t\tdata-label=\"Dodge\"\n\t\t\t\tdata-counter-prefix=\"(\"\n\t\t\t\tdata-counter-suffix=\")\"\n\t\t\t\t\t\t\t>Dodge<\/option>\n\t\t\t\t\t\t<option\n\t\t\t\tvalue=\"DR Automobiles\"\n\t\t\t\tdata-label=\"DR Automobiles\"\n\t\t\t\tdata-counter-prefix=\"(\"\n\t\t\t\tdata-counter-suffix=\")\"\n\t\t\t\t\t\t\t>DR Automobiles<\/option>\n\t\t\t\t\t\t<option\n\t\t\t\tvalue=\"DS AUTOMOBILES\"\n\t\t\t\tdata-label=\"DS AUTOMOBILES\"\n\t\t\t\tdata-counter-prefix=\"(\"\n\t\t\t\tdata-counter-suffix=\")\"\n\t\t\t\t\t\t\t>DS AUTOMOBILES<\/option>\n\t\t\t\t\t\t<option\n\t\t\t\tvalue=\"Elaris\"\n\t\t\t\tdata-label=\"Elaris\"\n\t\t\t\tdata-counter-prefix=\"(\"\n\t\t\t\tdata-counter-suffix=\")\"\n\t\t\t\t\t\t\t>Elaris<\/option>\n\t\t\t\t\t\t<option\n\t\t\t\tvalue=\"Fiat\"\n\t\t\t\tdata-label=\"Fiat\"\n\t\t\t\tdata-counter-prefix=\"(\"\n\t\t\t\tdata-counter-suffix=\")\"\n\t\t\t\t\t\t\t>Fiat<\/option>\n\t\t\t\t\t\t<option\n\t\t\t\tvalue=\"Ford\"\n\t\t\t\tdata-label=\"Ford\"\n\t\t\t\tdata-counter-prefix=\"(\"\n\t\t\t\tdata-counter-suffix=\")\"\n\t\t\t\t\t\t\t>Ford<\/option>\n\t\t\t\t\t\t<option\n\t\t\t\tvalue=\"Genesis\"\n\t\t\t\tdata-label=\"Genesis\"\n\t\t\t\tdata-counter-prefix=\"(\"\n\t\t\t\tdata-counter-suffix=\")\"\n\t\t\t\t\t\t\t>Genesis<\/option>\n\t\t\t\t\t\t<option\n\t\t\t\tvalue=\"Great Wall Motors\"\n\t\t\t\tdata-label=\"Great Wall Motors\"\n\t\t\t\tdata-counter-prefix=\"(\"\n\t\t\t\tdata-counter-suffix=\")\"\n\t\t\t\t\t\t\t>Great Wall Motors<\/option>\n\t\t\t\t\t\t<option\n\t\t\t\tvalue=\"Honda\"\n\t\t\t\tdata-label=\"Honda\"\n\t\t\t\tdata-counter-prefix=\"(\"\n\t\t\t\tdata-counter-suffix=\")\"\n\t\t\t\t\t\t\t>Honda<\/option>\n\t\t\t\t\t\t<option\n\t\t\t\tvalue=\"Hyundai\"\n\t\t\t\tdata-label=\"Hyundai\"\n\t\t\t\tdata-counter-prefix=\"(\"\n\t\t\t\tdata-counter-suffix=\")\"\n\t\t\t\t\t\t\t>Hyundai<\/option>\n\t\t\t\t\t\t<option\n\t\t\t\tvalue=\"Infiniti\"\n\t\t\t\tdata-label=\"Infiniti\"\n\t\t\t\tdata-counter-prefix=\"(\"\n\t\t\t\tdata-counter-suffix=\")\"\n\t\t\t\t\t\t\t>Infiniti<\/option>\n\t\t\t\t\t\t<option\n\t\t\t\tvalue=\"Isuzu\"\n\t\t\t\tdata-label=\"Isuzu\"\n\t\t\t\tdata-counter-prefix=\"(\"\n\t\t\t\tdata-counter-suffix=\")\"\n\t\t\t\t\t\t\t>Isuzu<\/option>\n\t\t\t\t\t\t<option\n\t\t\t\tvalue=\"IVECO\"\n\t\t\t\tdata-label=\"IVECO\"\n\t\t\t\tdata-counter-prefix=\"(\"\n\t\t\t\tdata-counter-suffix=\")\"\n\t\t\t\t\t\t\t>IVECO<\/option>\n\t\t\t\t\t\t<option\n\t\t\t\tvalue=\"JAC\"\n\t\t\t\tdata-label=\"JAC\"\n\t\t\t\tdata-counter-prefix=\"(\"\n\t\t\t\tdata-counter-suffix=\")\"\n\t\t\t\t\t\t\t>JAC<\/option>\n\t\t\t\t\t\t<option\n\t\t\t\tvalue=\"Jaguar\"\n\t\t\t\tdata-label=\"Jaguar\"\n\t\t\t\tdata-counter-prefix=\"(\"\n\t\t\t\tdata-counter-suffix=\")\"\n\t\t\t\t\t\t\t>Jaguar<\/option>\n\t\t\t\t\t\t<option\n\t\t\t\tvalue=\"Jeep\"\n\t\t\t\tdata-label=\"Jeep\"\n\t\t\t\tdata-counter-prefix=\"(\"\n\t\t\t\tdata-counter-suffix=\")\"\n\t\t\t\t\t\t\t>Jeep<\/option>\n\t\t\t\t\t\t<option\n\t\t\t\tvalue=\"Kia\"\n\t\t\t\tdata-label=\"Kia\"\n\t\t\t\tdata-counter-prefix=\"(\"\n\t\t\t\tdata-counter-suffix=\")\"\n\t\t\t\t\t\t\t>Kia<\/option>\n\t\t\t\t\t\t<option\n\t\t\t\tvalue=\"Lancia\"\n\t\t\t\tdata-label=\"Lancia\"\n\t\t\t\tdata-counter-prefix=\"(\"\n\t\t\t\tdata-counter-suffix=\")\"\n\t\t\t\t\t\t\t>Lancia<\/option>\n\t\t\t\t\t\t<option\n\t\t\t\tvalue=\"Land Rover\"\n\t\t\t\tdata-label=\"Land Rover\"\n\t\t\t\tdata-counter-prefix=\"(\"\n\t\t\t\tdata-counter-suffix=\")\"\n\t\t\t\t\t\t\t>land rover<\/option>\n\t\t\t\t\t\t<option\n\t\t\t\tvalue=\"Leapmotor\"\n\t\t\t\tdata-label=\"Leapmotor\"\n\t\t\t\tdata-counter-prefix=\"(\"\n\t\t\t\tdata-counter-suffix=\")\"\n\t\t\t\t\t\t\t>Leapmotor<\/option>\n\t\t\t\t\t\t<option\n\t\t\t\tvalue=\"Lexus\"\n\t\t\t\tdata-label=\"Lexus\"\n\t\t\t\tdata-counter-prefix=\"(\"\n\t\t\t\tdata-counter-suffix=\")\"\n\t\t\t\t\t\t\t>Lexus<\/option>\n\t\t\t\t\t\t<option\n\t\t\t\tvalue=\"Lynk & Co\"\n\t\t\t\tdata-label=\"Lynk & Co\"\n\t\t\t\tdata-counter-prefix=\"(\"\n\t\t\t\tdata-counter-suffix=\")\"\n\t\t\t\t\t\t\t>Lynk & Co<\/option>\n\t\t\t\t\t\t<option\n\t\t\t\tvalue=\"MAN\"\n\t\t\t\tdata-label=\"MAN\"\n\t\t\t\tdata-counter-prefix=\"(\"\n\t\t\t\tdata-counter-suffix=\")\"\n\t\t\t\t\t\t\t>MAN<\/option>\n\t\t\t\t\t\t<option\n\t\t\t\tvalue=\"Maxus\"\n\t\t\t\tdata-label=\"Maxus\"\n\t\t\t\tdata-counter-prefix=\"(\"\n\t\t\t\tdata-counter-suffix=\")\"\n\t\t\t\t\t\t\t>Maxus<\/option>\n\t\t\t\t\t\t<option\n\t\t\t\tvalue=\"Mazda\"\n\t\t\t\tdata-label=\"Mazda\"\n\t\t\t\tdata-counter-prefix=\"(\"\n\t\t\t\tdata-counter-suffix=\")\"\n\t\t\t\t\t\t\t>Mazda<\/option>\n\t\t\t\t\t\t<option\n\t\t\t\tvalue=\"Mercedes Benz\"\n\t\t\t\tdata-label=\"Mercedes Benz\"\n\t\t\t\tdata-counter-prefix=\"(\"\n\t\t\t\tdata-counter-suffix=\")\"\n\t\t\t\t\t\t\t>Mercedes Benz<\/option>\n\t\t\t\t\t\t<option\n\t\t\t\tvalue=\"MG\"\n\t\t\t\tdata-label=\"MG\"\n\t\t\t\tdata-counter-prefix=\"(\"\n\t\t\t\tdata-counter-suffix=\")\"\n\t\t\t\t\t\t\t>MG<\/option>\n\t\t\t\t\t\t<option\n\t\t\t\tvalue=\"Mini\"\n\t\t\t\tdata-label=\"Mini\"\n\t\t\t\tdata-counter-prefix=\"(\"\n\t\t\t\tdata-counter-suffix=\")\"\n\t\t\t\t\t\t\t>Mini<\/option>\n\t\t\t\t\t\t<option\n\t\t\t\tvalue=\"Mitsubishi\"\n\t\t\t\tdata-label=\"Mitsubishi\"\n\t\t\t\tdata-counter-prefix=\"(\"\n\t\t\t\tdata-counter-suffix=\")\"\n\t\t\t\t\t\t\t>Mitsubishi<\/option>\n\t\t\t\t\t\t<option\n\t\t\t\tvalue=\"Nissan\"\n\t\t\t\tdata-label=\"Nissan\"\n\t\t\t\tdata-counter-prefix=\"(\"\n\t\t\t\tdata-counter-suffix=\")\"\n\t\t\t\t\t\t\t>Nissan<\/option>\n\t\t\t\t\t\t<option\n\t\t\t\tvalue=\"Omoda\"\n\t\t\t\tdata-label=\"Omoda\"\n\t\t\t\tdata-counter-prefix=\"(\"\n\t\t\t\tdata-counter-suffix=\")\"\n\t\t\t\t\t\t\t>Omoda<\/option>\n\t\t\t\t\t\t<option\n\t\t\t\tvalue=\"Opel\"\n\t\t\t\tdata-label=\"Opel\"\n\t\t\t\tdata-counter-prefix=\"(\"\n\t\t\t\tdata-counter-suffix=\")\"\n\t\t\t\t\t\t\t>Opel<\/option>\n\t\t\t\t\t\t<option\n\t\t\t\tvalue=\"Peugeot\"\n\t\t\t\tdata-label=\"Peugeot\"\n\t\t\t\tdata-counter-prefix=\"(\"\n\t\t\t\tdata-counter-suffix=\")\"\n\t\t\t\t\t\t\t>Peugeot<\/option>\n\t\t\t\t\t\t<option\n\t\t\t\tvalue=\"Piaggio\"\n\t\t\t\tdata-label=\"Piaggio\"\n\t\t\t\tdata-counter-prefix=\"(\"\n\t\t\t\tdata-counter-suffix=\")\"\n\t\t\t\t\t\t\t>Piaggio<\/option>\n\t\t\t\t\t\t<option\n\t\t\t\tvalue=\"Polestar\"\n\t\t\t\tdata-label=\"Polestar\"\n\t\t\t\tdata-counter-prefix=\"(\"\n\t\t\t\tdata-counter-suffix=\")\"\n\t\t\t\t\t\t\t>Polestar<\/option>\n\t\t\t\t\t\t<option\n\t\t\t\tvalue=\"Porsche\"\n\t\t\t\tdata-label=\"Porsche\"\n\t\t\t\tdata-counter-prefix=\"(\"\n\t\t\t\tdata-counter-suffix=\")\"\n\t\t\t\t\t\t\t>Porsche<\/option>\n\t\t\t\t\t\t<option\n\t\t\t\tvalue=\"Renault\"\n\t\t\t\tdata-label=\"Renault\"\n\t\t\t\tdata-counter-prefix=\"(\"\n\t\t\t\tdata-counter-suffix=\")\"\n\t\t\t\t\t\t\t>Renault<\/option>\n\t\t\t\t\t\t<option\n\t\t\t\tvalue=\"Saab\"\n\t\t\t\tdata-label=\"Saab\"\n\t\t\t\tdata-counter-prefix=\"(\"\n\t\t\t\tdata-counter-suffix=\")\"\n\t\t\t\t\t\t\t>Saab<\/option>\n\t\t\t\t\t\t<option\n\t\t\t\tvalue=\"Seat\"\n\t\t\t\tdata-label=\"Seat\"\n\t\t\t\tdata-counter-prefix=\"(\"\n\t\t\t\tdata-counter-suffix=\")\"\n\t\t\t\t\t\t\t>Seat<\/option>\n\t\t\t\t\t\t<option\n\t\t\t\tvalue=\"Seres\"\n\t\t\t\tdata-label=\"Seres\"\n\t\t\t\tdata-counter-prefix=\"(\"\n\t\t\t\tdata-counter-suffix=\")\"\n\t\t\t\t\t\t\t>Seres<\/option>\n\t\t\t\t\t\t<option\n\t\t\t\tvalue=\"Skoda\"\n\t\t\t\tdata-label=\"Skoda\"\n\t\t\t\tdata-counter-prefix=\"(\"\n\t\t\t\tdata-counter-suffix=\")\"\n\t\t\t\t\t\t\t>Skoda<\/option>\n\t\t\t\t\t\t<option\n\t\t\t\tvalue=\"Skywell\"\n\t\t\t\tdata-label=\"Skywell\"\n\t\t\t\tdata-counter-prefix=\"(\"\n\t\t\t\tdata-counter-suffix=\")\"\n\t\t\t\t\t\t\t>Skywell<\/option>\n\t\t\t\t\t\t<option\n\t\t\t\tvalue=\"Skyworth\"\n\t\t\t\tdata-label=\"Skyworth\"\n\t\t\t\tdata-counter-prefix=\"(\"\n\t\t\t\tdata-counter-suffix=\")\"\n\t\t\t\t\t\t\t>Skyworth<\/option>\n\t\t\t\t\t\t<option\n\t\t\t\tvalue=\"Smart\"\n\t\t\t\tdata-label=\"Smart\"\n\t\t\t\tdata-counter-prefix=\"(\"\n\t\t\t\tdata-counter-suffix=\")\"\n\t\t\t\t\t\t\t>Smart<\/option>\n\t\t\t\t\t\t<option\n\t\t\t\tvalue=\"SsangYong\"\n\t\t\t\tdata-label=\"SsangYong\"\n\t\t\t\tdata-counter-prefix=\"(\"\n\t\t\t\tdata-counter-suffix=\")\"\n\t\t\t\t\t\t\t>SsangYong<\/option>\n\t\t\t\t\t\t<option\n\t\t\t\tvalue=\"Subaru\"\n\t\t\t\tdata-label=\"Subaru\"\n\t\t\t\tdata-counter-prefix=\"(\"\n\t\t\t\tdata-counter-suffix=\")\"\n\t\t\t\t\t\t\t>Subaru<\/option>\n\t\t\t\t\t\t<option\n\t\t\t\tvalue=\"Suzuki\"\n\t\t\t\tdata-label=\"Suzuki\"\n\t\t\t\tdata-counter-prefix=\"(\"\n\t\t\t\tdata-counter-suffix=\")\"\n\t\t\t\t\t\t\t>Suzuki<\/option>\n\t\t\t\t\t\t<option\n\t\t\t\tvalue=\"Tesla\"\n\t\t\t\tdata-label=\"Tesla\"\n\t\t\t\tdata-counter-prefix=\"(\"\n\t\t\t\tdata-counter-suffix=\")\"\n\t\t\t\t\t\t\t>Tesla<\/option>\n\t\t\t\t\t\t<option\n\t\t\t\tvalue=\"Toyota\"\n\t\t\t\tdata-label=\"Toyota\"\n\t\t\t\tdata-counter-prefix=\"(\"\n\t\t\t\tdata-counter-suffix=\")\"\n\t\t\t\t\t\t\t>Toyota<\/option>\n\t\t\t\t\t\t<option\n\t\t\t\tvalue=\"Volkswagen\"\n\t\t\t\tdata-label=\"Volkswagen\"\n\t\t\t\tdata-counter-prefix=\"(\"\n\t\t\t\tdata-counter-suffix=\")\"\n\t\t\t\t\t\t\t>Volkswagen<\/option>\n\t\t\t\t\t\t<option\n\t\t\t\tvalue=\"Volvo\"\n\t\t\t\tdata-label=\"Volvo\"\n\t\t\t\tdata-counter-prefix=\"(\"\n\t\t\t\tdata-counter-suffix=\")\"\n\t\t\t\t\t\t\t>Volvo<\/option>\n\t\t\t\t\t\t<option\n\t\t\t\tvalue=\"Voyah\"\n\t\t\t\tdata-label=\"Voyah\"\n\t\t\t\tdata-counter-prefix=\"(\"\n\t\t\t\tdata-counter-suffix=\")\"\n\t\t\t\t\t\t\t>Voyah<\/option>\n\t\t\t\t\t\t<option\n\t\t\t\tvalue=\"Zeekr\"\n\t\t\t\tdata-label=\"Zeekr\"\n\t\t\t\tdata-counter-prefix=\"(\"\n\t\t\t\tdata-counter-suffix=\")\"\n\t\t\t\t\t\t\t>Zeekr<\/option>\n\t\t\t<\/select>\n\n\t\n<\/div>\n<\/div>\t\t<\/div>\n\t\t\t\t<\/div>\n\t\t\t\t<div class=\"elementor-element elementor-element-1e2f8780 jet-smart-filter-content-position-line elementor-widget elementor-widget-jet-smart-filters-search\" data-id=\"1e2f8780\" data-element_type=\"widget\" data-widget_type=\"jet-smart-filters-search.default\">\n\t\t\t\t<div class=\"elementor-widget-container\">\n\t\t\t<div class=\"jet-smart-filters-search jet-filter\"><div class=\"jet-search-filter button-icon-position-right\" data-query-type=\"meta_query\" data-query-var=\"modell\" data-smart-filter=\"search\" data-filter-id=\"5509\" data-apply-type=\"ajax-reload\" data-content-provider=\"jet-engine\" data-additional-providers=\"\" data-query-id=\"default\" data-active-label=\"Modell\" data-layout-options=\"{&quot;show_label&quot;:&quot;&quot;,&quot;display_options&quot;:[]}\" data-query-var-suffix=\"search\">\n\t\t<div class=\"jet-search-filter__input-wrapper\">\n\t\t<input\n\t\t\tclass=\"jet-search-filter__input\"\n\t\t\ttype=\"search\"\n\t\t\tautocomplete=\"off\"\n\t\t\tname=\"modell\"\n\t\t\tvalue=\"\"\n\t\t\tplaceholder=\"Model \/ Type \/ Abbreviation...\"\n\t\t>\n\t\t\t<\/div>\n\t\t\t<button\n\t\t\ttype=\"button\"\n\t\t\tclass=\"jet-search-filter__submit apply-filters__button\"\n\t\t>\n\t\t\t\t\t\t<span class=\"jet-search-filter__submit-text\"><\/span>\n\t\t\t<i class=\"fa fa-search\"><\/i>\t\t<\/button>\n\t<\/div>\n<\/div>\t\t<\/div>\n\t\t\t\t<\/div>\n\t\t\t\t<div class=\"elementor-element elementor-element-5ab65947 jet-smart-filter-content-position-line elementor-widget elementor-widget-jet-smart-filters-search\" data-id=\"5ab65947\" data-element_type=\"widget\" data-widget_type=\"jet-smart-filters-search.default\">\n\t\t\t\t<div class=\"elementor-widget-container\">\n\t\t\t<div class=\"jet-smart-filters-search jet-filter\"><div class=\"jet-search-filter button-icon-position-left\" data-query-type=\"meta_query\" data-query-var=\"artikelnummer\" data-smart-filter=\"search\" data-filter-id=\"5510\" data-apply-type=\"ajax-reload\" data-content-provider=\"jet-engine\" data-additional-providers=\"\" data-query-id=\"default\" data-active-label=\"Artikelnummer\" data-layout-options=\"{&quot;show_label&quot;:&quot;&quot;,&quot;display_options&quot;:[]}\" data-query-var-suffix=\"search\">\n\t\t<div class=\"jet-search-filter__input-wrapper\">\n\t\t<input\n\t\t\tclass=\"jet-search-filter__input\"\n\t\t\ttype=\"search\"\n\t\t\tautocomplete=\"off\"\n\t\t\tname=\"artikelnummer\"\n\t\t\tvalue=\"\"\n\t\t\tplaceholder=\"Article number (without letters)...\"\n\t\t>\n\t\t\t<\/div>\n\t\t\t<button\n\t\t\ttype=\"button\"\n\t\t\tclass=\"jet-search-filter__submit apply-filters__button\"\n\t\t>\n\t\t\t<i class=\"fa fa-search\"><\/i>\t\t\t<span class=\"jet-search-filter__submit-text\"><\/span>\n\t\t\t\t\t<\/button>\n\t<\/div>\n<\/div>\t\t<\/div>\n\t\t\t\t<\/div>\n\t\t\t\t\t\t<\/div>\n\t\t\t\t\t<\/div>\n\t\t<\/div>\n\t\t\t\t<div class=\"elementor-column elementor-col-50 elementor-top-column elementor-element elementor-element-3dff096\" data-id=\"3dff096\" data-element_type=\"column\">\n\t\t\t<div class=\"elementor-column-wrap elementor-element-populated\">\n\t\t\t\t\t\t\t<div class=\"elementor-widget-wrap\">\n\t\t\t\t\t\t<section class=\"elementor-section elementor-inner-section elementor-element elementor-element-840d958 elementor-section-boxed elementor-section-height-default elementor-section-height-default\" data-id=\"840d958\" data-element_type=\"section\">\n\t\t\t\t\t\t<div class=\"elementor-container elementor-column-gap-default\">\n\t\t\t\t\t\t\t<div class=\"elementor-row\">\n\t\t\t\t\t<div class=\"elementor-column elementor-col-100 elementor-inner-column elementor-element elementor-element-7b6b3d6\" data-id=\"7b6b3d6\" data-element_type=\"column\">\n\t\t\t<div class=\"elementor-column-wrap elementor-element-populated\">\n\t\t\t\t\t\t\t<div class=\"elementor-widget-wrap\">\n\t\t\t\t\t\t<div class=\"elementor-element elementor-element-e6f558e elementor-widget elementor-widget-text-editor\" data-id=\"e6f558e\" data-element_type=\"widget\" data-widget_type=\"text-editor.default\">\n\t\t\t\t<div class=\"elementor-widget-container\">\n\t\t\t\t\t<div class=\"elementor-text-editor elementor-clearfix\"><p><strong>PDF download:<\/strong> <span style=\"color: #006499;\"><a href=\"https:\/\/conwys.ch\/wp-content\/uploads\/2025\/08\/Uebersicht-Universal_04-2024.pdf\" target=\"_blank\" rel=\"noopener\">Universal<\/a> -\u00b7 <a href=\"https:\/\/conwys.ch\/wp-content\/uploads\/2025\/08\/Uebersicht-Erweiterungen_04-2024.pdf\" target=\"_blank\" rel=\"noopener\">Extensions<\/a> -\u00b7 <a href=\"https:\/\/conwys.ch\/wp-content\/uploads\/2024\/08\/CW_Katalog-Zubehoer-12V_DE_Stand-08.24.pdf\" target=\"_blank\" rel=\"noopener\">Accessories 12V<\/a> -\u00b7 <a href=\"https:\/\/conwys.ch\/wp-content\/uploads\/2025\/10\/CW_Katalog-Zubehoer-24V_DE_10.25.pdf\">Accessories 24V<\/a> -\u00b7 <a href=\"https:\/\/conwys.ch\/wp-content\/uploads\/2024\/08\/CW_Katalog-Zubehoer-12V_RepSets_Stand-08.24.pdf\">Socket repair kits<\/a><br \/><\/span><\/p><\/div>\n\t\t\t\t<\/div>\n\t\t\t\t<\/div>\n\t\t\t\t<div class=\"elementor-element elementor-element-f295fd2 elementor-widget elementor-widget-text-editor\" data-id=\"f295fd2\" data-element_type=\"widget\" data-widget_type=\"text-editor.default\">\n\t\t\t\t<div class=\"elementor-widget-container\">\n\t\t\t\t\t<div class=\"elementor-text-editor elementor-clearfix\"><p><strong>Please note: Our products are not intended\/approved for the RHD market.<\/strong><\/p><\/div>\n\t\t\t\t<\/div>\n\t\t\t\t<\/div>\n\t\t\t\t\t\t<\/div>\n\t\t\t\t\t<\/div>\n\t\t<\/div>\n\t\t\t\t\t\t\t\t<\/div>\n\t\t\t\t\t<\/div>\n\t\t<\/section>\n\t\t\t\t<div class=\"elementor-element elementor-element-b372b4d elementor-widget elementor-widget-jet-listing-grid\" data-id=\"b372b4d\" data-element_type=\"widget\" data-widget_type=\"jet-listing-grid.default\">\n\t\t\t\t<div class=\"elementor-widget-container\">\n\t\t\t<div class=\"jet-listing-grid jet-listing-grid--lazy-load jet-listing\" data-lazy-load=\"{&quot;offset&quot;:&quot;0px&quot;,&quot;post_id&quot;:2,&quot;queried_id&quot;:&quot;2|WP_Post&quot;}\"><\/div>\t\t<\/div>\n\t\t\t\t<\/div>\n\t\t\t\t<div class=\"elementor-element elementor-element-298b172 elementor-align-center elementor-widget elementor-widget-button\" data-id=\"298b172\" data-element_type=\"widget\" id=\"load_more\" data-widget_type=\"button.default\">\n\t\t\t\t<div class=\"elementor-widget-container\">\n\t\t\t\t\t<div class=\"elementor-button-wrapper\">\n\t\t\t<a href=\"#\" rel=\"nofollow\" class=\"elementor-button-link elementor-button elementor-size-sm\" role=\"button\">\n\t\t\t\t\t\t<span class=\"elementor-button-content-wrapper\">\n\t\t\t\t\t\t<span class=\"elementor-button-text\">load more ...<\/span>\n\t\t<\/span>\n\t\t\t\t\t<\/a>\n\t\t<\/div>\n\t\t\t\t<\/div>\n\t\t\t\t<\/div>\n\t\t\t\t\t\t<\/div>\n\t\t\t\t\t<\/div>\n\t\t<\/div>\n\t\t\t\t\t\t\t\t<\/div>\n\t\t\t\t\t<\/div>\n\t\t<\/section>\n\t\t\t\t\t\t<\/div>\n\t\t\t\t\t\t<\/div>\n\t\t\t\t\t<\/div>","protected":false},"excerpt":{"rendered":"<p>Suchen | Finden Anzahl Pole w\u00e4hlen&#8230;713 Hersteller w\u00e4hlen&#8230;AiwaysAlfa RomeoAudiBAICBeijingBMWBrillianceBYDCadillacChevroletChryslerCitro\u00ebnCupraDaciaDaihatsuDFSKDodgeDR AutomobilesDS AUTOMOBILESElarisFiatFordGenesisGreat Wall MotorsHondaHyundaiInfinitiIsuzuIVECOJACJaguarJeepKiaLanciaLand RoverLexusLynk &#038; CoMANMaxusMazdaMercedes BenzMGMiniMitsubishiNissanOpelPeugeotPiaggioPolestarPorscheRenaultSaabSeatSeresSkodaSkywellSkyworthSmartSsangYongSubaruSuzukiTeslaToyotaVolkswagenVolvoVoyah PDF-Download: Universal \u00b7 Erweiterungen \u00b7 Zubeh\u00f6r 12V \u00b7 Zubeh\u00f6r 24V \u00b7 Steckdosen Reparaturs\u00e4tze Bitte beachten Sie: Unsere Produkte sind nicht f\u00fcr den deutschen Markt bestimmt\/zugelassen. mehr laden &#8230;<\/p>","protected":false},"author":1,"featured_media":0,"parent":0,"menu_order":0,"comment_status":"closed","ping_status":"open","template":"","meta":[],"_links":{"self":[{"href":"https:\/\/conwys.ch\/en\/wp-json\/wp\/v2\/pages\/2"}],"collection":[{"href":"https:\/\/conwys.ch\/en\/wp-json\/wp\/v2\/pages"}],"about":[{"href":"https:\/\/conwys.ch\/en\/wp-json\/wp\/v2\/types\/page"}],"author":[{"embeddable":true,"href":"https:\/\/conwys.ch\/en\/wp-json\/wp\/v2\/users\/1"}],"replies":[{"embeddable":true,"href":"https:\/\/conwys.ch\/en\/wp-json\/wp\/v2\/comments?post=2"}],"version-history":[{"count":236,"href":"https:\/\/conwys.ch\/en\/wp-json\/wp\/v2\/pages\/2\/revisions"}],"predecessor-version":[{"id":6332,"href":"https:\/\/conwys.ch\/en\/wp-json\/wp\/v2\/pages\/2\/revisions\/6332"}],"wp:attachment":[{"href":"https:\/\/conwys.ch\/en\/wp-json\/wp\/v2\/media?parent=2"}],"curies":[{"name":"wp","href":"https:\/\/api.w.org\/{rel}","templated":true}]}}